{"id":4218,"date":"2020-05-15T07:53:14","date_gmt":"2020-05-15T07:53:14","guid":{"rendered":"https:\/\/demo4.drfuri.com\/farmart\/?page_id=4218"},"modified":"2026-02-23T14:36:20","modified_gmt":"2026-02-23T17:36:20","slug":"preguntas-frecuentes","status":"publish","type":"page","link":"https:\/\/pop.ygprosolutions.com\/?page_id=4218","title":{"rendered":"Preguntas Frecuentes"},"content":{"rendered":"\t\t<div data-elementor-type=\"wp-page\" data-elementor-id=\"4218\" class=\"elementor elementor-4218\">\n\t\t\t\t\t\t<section class=\"elementor-section elementor-top-section elementor-element elementor-element-6d4eb10a elementor-section-boxed elementor-section-height-default elementor-section-height-default\" data-id=\"6d4eb10a\" data-element_type=\"section\" data-e-type=\"section\">\n\t\t\t\t\t\t<div class=\"elementor-container elementor-column-gap-default\">\n\t\t\t\t\t<div class=\"elementor-column elementor-col-100 elementor-top-column elementor-element elementor-element-71cd90db\" data-id=\"71cd90db\" data-element_type=\"column\" data-e-type=\"column\">\n\t\t\t<div class=\"elementor-widget-wrap elementor-element-populated\">\n\t\t\t\t\t\t<div class=\"elementor-element elementor-element-7d63af4d elementor-widget elementor-widget-farmart-faqs\" data-id=\"7d63af4d\" data-element_type=\"widget\" data-e-type=\"widget\" data-widget_type=\"farmart-faqs.default\">\n\t\t\t\t<div class=\"elementor-widget-container\">\n\t\t\t\t\t<div class=\"farmart-faqs farmart-tabs\"><div class=\"row\"><div class=\"faq-col-left col-md-3 col-sm-12 col-xs-12\"><ul class=\"tabs-nav\"><li><a href=\"#\" data-key=\"key-1\">M\u00c9TODOS DE PAGO<\/a><\/li><li><a href=\"#\" data-key=\"key-2\">ENV\u00cdOS<\/a><\/li><li><a href=\"#\" data-key=\"key-3\">DEVOLUCIONES<\/a><\/li><\/ul><div class=\"button-wrapper\"><div class=\"extra-text\">Tenes otras consultas?<\/div><a href=\"https:\/\/api.whatsapp.com\/send?phone=541144009337&amp;text=Hola%20CaribesPOP!%20Quer%C3%ADa%20hacerles%20una%20consulta%F0%9F%98%8E%F0%9F%91%86\"><span class=\"farmart-svg-icon\"><i aria-hidden=\"true\" class=\"icon icon-envelope\"><\/i><\/span>WhatsApp<\/a><\/div><\/div><div class=\"faq-tabs tabs-content col-md-9 col-sm-12 col-xs-12\"><div class=\"tabs-panel key-1 row\">\n\t\t\t\t\t<div class=\"col-left col-xs-12 col-sm-6\"><div class=\"faq-tab left\"><div class=\"wrapper\"><h4 class=\"faq-title\">Formas de pago<\/h4><div class=\"faq-desc\">Actualmente contamos con dos pasarelas de pago disponibles: Mercado Pago y Transferencias Bancarias. <\/div><\/div><\/div><div class=\"faq-tab left\"><div class=\"wrapper\"><h4 class=\"faq-title\">Transferencias bancarias<\/h4><div class=\"faq-desc\">Con transferencias bancarias ofrecemos hasta un 20% de descuentos en productos seleccionados.<\/div><\/div><\/div><div class=\"faq-tab left\"><div class=\"wrapper\"><h4 class=\"faq-title\">Mis datos<\/h4><div class=\"faq-desc\">CaribesPOP se compromete a adoptar una pol\u00edtica de confidencialidad, de acuerdo a la Ley Argentina de Habeas Data (Ley 25.326). Esto significa que tus datos no ser\u00e1n compartidos a ninguna empresa.<\/div><\/div><\/div><\/div>\n\t\t\t\t\t<div class=\"col-right col-xs-12 col-sm-6\"><div class=\"faq-tab right\"><div class=\"wrapper\"><h4 class=\"faq-title\">Cuotas sin inter\u00e9s<\/h4><div class=\"faq-desc\">Nuestros precios ofrecen 2 cuotas sin inter\u00e9s a trav\u00e9s de mercado pago. Aceptamos todas la TDC.<\/div><\/div><\/div><div class=\"faq-tab right\"><div class=\"wrapper\"><h4 class=\"faq-title\">Pago en Efectivo<\/h4><div class=\"faq-desc\">No recibimos pago con dinero en efectivo, nos manejamos con transferencias bancarias, tarjetas de debito y cr\u00e9dito.<\/div><\/div><\/div><div class=\"faq-tab right\"><div class=\"wrapper\"><h4 class=\"faq-title\">Pago en pedidos personalizados<\/h4><div class=\"faq-desc\">En el caso de pedidos personalizados solicitamos una se\u00f1a del 50% para iniciar el pedidos y el 50% restante cuando realizamos la entrega. Esto se gestiona por fuera de la web.<\/div><\/div><\/div><\/div>\n\t\t\t\t<\/div><div class=\"tabs-panel key-2 row\">\n\t\t\t\t\t<div class=\"col-left col-xs-12 col-sm-6\"><div class=\"faq-tab left\"><div class=\"wrapper\"><h4 class=\"faq-title\">Transportes<\/h4><div class=\"faq-desc\">Trabajamos con V\u00eda Cargo, OCA para env\u00edos en CABA, Uber Moto.\n<\/div><\/div><\/div><div class=\"faq-tab left\"><div class=\"wrapper\"><h4 class=\"faq-title\">Retiros en domicilio<\/h4><div class=\"faq-desc\">Se puede coordinar el retiro, coordinar con previa anticipaci\u00f3n. Localidades: Belgrano C o Flores.\n<\/div><\/div><\/div><\/div>\n\t\t\t\t\t<div class=\"col-right col-xs-12 col-sm-6\"><div class=\"faq-tab right\"><div class=\"wrapper\"><h4 class=\"faq-title\">Tiempos de Env\u00edo<\/h4><div class=\"faq-desc\">Los tiempos de env\u00edo estimados son de 1 a 4 d\u00edas h\u00e1biles. En CABA 2 d\u00edas h\u00e1biles.\n<\/div><\/div><\/div><div class=\"faq-tab right\"><div class=\"wrapper\"><h4 class=\"faq-title\">Otra forma de entrega<\/h4><div class=\"faq-desc\">Para coordinar una forma de entrega personalizada, escribir a caribesop@gmail.com.\n<\/div><\/div><\/div><\/div>\n\t\t\t\t<\/div><div class=\"tabs-panel key-3 row\">\n\t\t\t\t\t<div class=\"col-left col-xs-12 col-sm-6\"><div class=\"faq-tab left\"><div class=\"wrapper\"><h4 class=\"faq-title\">No es lo que ped\u00ed<\/h4><div class=\"faq-desc\">Ten\u00e9s derecho a arrepentirte y devolver los productos adquiridos en nuestro sitio durante el plazo de diez (10) d\u00edas.\n<\/div><\/div><\/div><div class=\"faq-tab left\"><div class=\"wrapper\"><h4 class=\"faq-title\">Producto Falladao<\/h4><div class=\"faq-desc\">Si deseas cambiar tu producto por alguna falla, nosotros nos encargamos de la gesti\u00f3n y cargos de env\u00edo.<\/div><\/div><\/div><\/div>\n\t\t\t\t\t<div class=\"col-right col-xs-12 col-sm-6\"><div class=\"faq-tab right\"><div class=\"wrapper\"><h4 class=\"faq-title\">Devoluci\u00f3n de dinero<\/h4><div class=\"faq-desc\">Podr\u00e1s obtener la devoluci\u00f3n del importe de los productos adquiridos a trav\u00e9s del mismo medio de pago con el que el pedido fue abonado.\n<\/div><\/div><\/div><\/div>\n\t\t\t\t<\/div><\/div><\/div><\/div>\t\t\t\t<\/div>\n\t\t\t\t<\/div>\n\t\t\t\t\t<\/div>\n\t\t<\/div>\n\t\t\t\t\t<\/div>\n\t\t<\/section>\n\t\t\t\t<\/div>\n\t\t","protected":false},"excerpt":{"rendered":"<p>M\u00c9TODOS DE PAGO ENV\u00cdOS DEVOLUCIONES Tenes otras consultas?WhatsApp Formas de pago Actualmente contamos con dos pasarelas de pago disponibles: Mercado Pago y Transferencias Bancarias. Transferencias bancarias Con transferencias bancarias ofrecemos hasta un 20% de descuentos en productos seleccionados. Mis datos CaribesPOP se compromete a adoptar una pol\u00edtica de confidencialidad, de acuerdo a la Ley Argentina [&hellip;]<\/p>\n","protected":false},"author":1,"featured_media":0,"parent":0,"menu_order":0,"comment_status":"closed","ping_status":"closed","template":"","meta":{"footnotes":""},"class_list":["post-4218","page","type-page","status-publish","hentry","add-to-cart-ajax"],"_links":{"self":[{"href":"https:\/\/pop.ygprosolutions.com\/index.php?rest_route=\/wp\/v2\/pages\/4218","targetHints":{"allow":["GET"]}}],"collection":[{"href":"https:\/\/pop.ygprosolutions.com\/index.php?rest_route=\/wp\/v2\/pages"}],"about":[{"href":"https:\/\/pop.ygprosolutions.com\/index.php?rest_route=\/wp\/v2\/types\/page"}],"author":[{"embeddable":true,"href":"https:\/\/pop.ygprosolutions.com\/index.php?rest_route=\/wp\/v2\/users\/1"}],"replies":[{"embeddable":true,"href":"https:\/\/pop.ygprosolutions.com\/index.php?rest_route=%2Fwp%2Fv2%2Fcomments&post=4218"}],"version-history":[{"count":13,"href":"https:\/\/pop.ygprosolutions.com\/index.php?rest_route=\/wp\/v2\/pages\/4218\/revisions"}],"predecessor-version":[{"id":7281,"href":"https:\/\/pop.ygprosolutions.com\/index.php?rest_route=\/wp\/v2\/pages\/4218\/revisions\/7281"}],"wp:attachment":[{"href":"https:\/\/pop.ygprosolutions.com\/index.php?rest_route=%2Fwp%2Fv2%2Fmedia&parent=4218"}],"curies":[{"name":"wp","href":"https:\/\/api.w.org\/{rel}","templated":true}]}}